{"id":7014,"date":"2019-02-05T14:04:55","date_gmt":"2019-02-05T12:04:55","guid":{"rendered":"https:\/\/duesseldorf.istaf-indoor.de\/faqs\/"},"modified":"2026-01-26T16:13:46","modified_gmt":"2026-01-26T14:13:46","slug":"faqs","status":"publish","type":"page","link":"https:\/\/duesseldorf.istaf-indoor.de\/en\/faqs\/","title":{"rendered":"FAQs"},"content":{"rendered":"<h2>Wann \u00f6ffnet die Halle?<\/h2>\n<p>Der PSD BANK DOME \u00f6ffnet um 14:00 Uhr. Bitte beachten Sie kurzfristige \u00c4nderungen.<br \/>\nEs wird keine Tageskassen vor Ort geben.<\/p>\n<h2>Wann beginnt die Veranstaltung?<\/h2>\n<p>Das Vorprogramm geht ab 14:30 Uhr los.<\/p>\n<p>Das Hauptprogramm beginnt ab 16:00 Uhr und dauert bis ca. 20:30 Uhr.<\/p>\n<h2>Darf ich Taschen\/Rucks\u00e4cke mitnehmen?<\/h2>\n<p>Die Gr\u00f6\u00dfenvorgabe f\u00fcr Taschen\/Rucks\u00e4cke lautet: maximal DIN A4-Gr\u00f6\u00dfe. D.h., kleine Taschen und Rucks\u00e4cke sind erlaubt. Alle Taschen und Rucks\u00e4cke werden kontrolliert.<\/p>\n<p>Taschen, die nicht mit in die Halle genommen werden d\u00fcrfen, k\u00f6nnen gegen eine Geb\u00fchr von 5 Euro abgegeben werden.<\/p>\n<h2>Darf ich Tiere mitbringen?<\/h2>\n<p>Ihre Lieblinge m\u00fcssen leider zu Hause bleiben.<\/p>\n<h2>Ab welchem Alter m\u00fcssen Kinder Eintritt zahlen?<\/h2>\n<p>Kinder bis zum vollendeten 2. Lebensjahr haben freien Eintritt, OHNE Sitzplatzanspruch.<\/p>\n<h2>Weitere Informationen<\/h2>\n<p>Die Hausordnung des PSD BANK DOME finden Sie hier:<\/p>\n<p><a href=\"https:\/\/www.psd-bank-dome.de\/besucher\/hausordnung\/\" target=\"_blank\" rel=\"noopener noreferrer\">https:\/\/www.psd-bank-dome.de\/besucher\/hausordnung\/<\/a><\/p>\n<p>&nbsp;<\/p>\n<p>\u00a9 2026 ISTAF INDOOR D\u00fcsseldorf. Alle Rechte und \u00c4nderungen vorbehalten.<\/p>\n<p>&nbsp;<\/p>\n","protected":false},"excerpt":{"rendered":"<p>Wann \u00f6ffnet die Halle? Der PSD BANK DOME \u00f6ffnet um 14:00 Uhr. Bitte beachten Sie kurzfristige \u00c4nderungen. Es wird keine Tageskassen vor Ort geben. Wann beginnt die Veranstaltung? Das Vorprogramm geht ab 14:30 Uhr los. Das Hauptprogramm beginnt ab 16:00 Uhr und dauert bis ca. 20:30 Uhr. Darf ich Taschen\/Rucks\u00e4cke mitnehmen? Die Gr\u00f6\u00dfenvorgabe f\u00fcr Taschen\/Rucks\u00e4cke [&hellip;]<\/p>\n","protected":false},"author":151,"featured_media":0,"parent":0,"menu_order":0,"comment_status":"closed","ping_status":"closed","template":"","meta":{"_et_pb_use_builder":"","_et_pb_old_content":"","_et_gb_content_width":"","footnotes":""},"class_list":["post-7014","page","type-page","status-publish","hentry"],"yoast_head":"<!-- This site is optimized with the Yoast SEO plugin v27.5 - https:\/\/yoast.com\/product\/yoast-seo-wordpress\/ -->\n<title>ISTAF INDOOR D\u00fcsseldorf - FAQs<\/title>\n<meta name=\"robots\" content=\"index, follow, max-snippet:-1, max-image-preview:large, max-video-preview:-1\" \/>\n<link rel=\"canonical\" href=\"https:\/\/duesseldorf.istaf-indoor.de\/en\/faqs\/\" \/>\n<meta property=\"og:locale\" content=\"en_US\" \/>\n<meta property=\"og:type\" content=\"article\" \/>\n<meta property=\"og:title\" content=\"ISTAF INDOOR D\u00fcsseldorf - FAQs\" \/>\n<meta property=\"og:description\" content=\"Wann \u00f6ffnet die Halle? Der PSD BANK DOME \u00f6ffnet um 14:00 Uhr. Bitte beachten Sie kurzfristige \u00c4nderungen. Es wird keine Tageskassen vor Ort geben. Wann beginnt die Veranstaltung? Das Vorprogramm geht ab 14:30 Uhr los. Das Hauptprogramm beginnt ab 16:00 Uhr und dauert bis ca. 20:30 Uhr. Darf ich Taschen\/Rucks\u00e4cke mitnehmen? Die Gr\u00f6\u00dfenvorgabe f\u00fcr Taschen\/Rucks\u00e4cke [&hellip;]\" \/>\n<meta property=\"og:url\" content=\"https:\/\/duesseldorf.istaf-indoor.de\/en\/faqs\/\" \/>\n<meta property=\"og:site_name\" content=\"ISTAF INDOOR D\u00fcsseldorf\" \/>\n<meta property=\"article:modified_time\" content=\"2026-01-26T14:13:46+00:00\" \/>\n<meta name=\"twitter:card\" content=\"summary_large_image\" \/>\n<meta name=\"twitter:label1\" content=\"Est. reading time\" \/>\n\t<meta name=\"twitter:data1\" content=\"1 minute\" \/>\n<script type=\"application\/ld+json\" class=\"yoast-schema-graph\">{\"@context\":\"https:\\\/\\\/schema.org\",\"@graph\":[{\"@type\":\"WebPage\",\"@id\":\"https:\\\/\\\/duesseldorf.istaf-indoor.de\\\/en\\\/faqs\\\/\",\"url\":\"https:\\\/\\\/duesseldorf.istaf-indoor.de\\\/en\\\/faqs\\\/\",\"name\":\"ISTAF INDOOR D\u00fcsseldorf - FAQs\",\"isPartOf\":{\"@id\":\"https:\\\/\\\/duesseldorf.istaf-indoor.de\\\/#website\"},\"datePublished\":\"2019-02-05T12:04:55+00:00\",\"dateModified\":\"2026-01-26T14:13:46+00:00\",\"breadcrumb\":{\"@id\":\"https:\\\/\\\/duesseldorf.istaf-indoor.de\\\/en\\\/faqs\\\/#breadcrumb\"},\"inLanguage\":\"en-US\",\"potentialAction\":[{\"@type\":\"ReadAction\",\"target\":[\"https:\\\/\\\/duesseldorf.istaf-indoor.de\\\/en\\\/faqs\\\/\"]}]},{\"@type\":\"BreadcrumbList\",\"@id\":\"https:\\\/\\\/duesseldorf.istaf-indoor.de\\\/en\\\/faqs\\\/#breadcrumb\",\"itemListElement\":[{\"@type\":\"ListItem\",\"position\":1,\"name\":\"Startseite\",\"item\":\"https:\\\/\\\/duesseldorf.istaf-indoor.de\\\/en\\\/\"},{\"@type\":\"ListItem\",\"position\":2,\"name\":\"FAQs\"}]},{\"@type\":\"WebSite\",\"@id\":\"https:\\\/\\\/duesseldorf.istaf-indoor.de\\\/#website\",\"url\":\"https:\\\/\\\/duesseldorf.istaf-indoor.de\\\/\",\"name\":\"ISTAF INDOOR D\u00fcsseldorf\",\"description\":\"Das Leichtathletik-Meeting im ISS DOME D\u00fcsseldorf\",\"publisher\":{\"@id\":\"https:\\\/\\\/duesseldorf.istaf-indoor.de\\\/#organization\"},\"potentialAction\":[{\"@type\":\"SearchAction\",\"target\":{\"@type\":\"EntryPoint\",\"urlTemplate\":\"https:\\\/\\\/duesseldorf.istaf-indoor.de\\\/?s={search_term_string}\"},\"query-input\":{\"@type\":\"PropertyValueSpecification\",\"valueRequired\":true,\"valueName\":\"search_term_string\"}}],\"inLanguage\":\"en-US\"},{\"@type\":\"Organization\",\"@id\":\"https:\\\/\\\/duesseldorf.istaf-indoor.de\\\/#organization\",\"name\":\"ISTAF INDOOR D\u00fcsseldorf\",\"url\":\"https:\\\/\\\/duesseldorf.istaf-indoor.de\\\/\",\"logo\":{\"@type\":\"ImageObject\",\"inLanguage\":\"en-US\",\"@id\":\"https:\\\/\\\/duesseldorf.istaf-indoor.de\\\/#\\\/schema\\\/logo\\\/image\\\/\",\"url\":\"https:\\\/\\\/duesseldorf.istaf-indoor.de\\\/wp-content\\\/uploads\\\/2020\\\/02\\\/Logo-ISTAF-INDOOR-Duesseldorf.jpg\",\"contentUrl\":\"https:\\\/\\\/duesseldorf.istaf-indoor.de\\\/wp-content\\\/uploads\\\/2020\\\/02\\\/Logo-ISTAF-INDOOR-Duesseldorf.jpg\",\"width\":300,\"height\":170,\"caption\":\"ISTAF INDOOR D\u00fcsseldorf\"},\"image\":{\"@id\":\"https:\\\/\\\/duesseldorf.istaf-indoor.de\\\/#\\\/schema\\\/logo\\\/image\\\/\"}}]}<\/script>\n<!-- \/ Yoast SEO plugin. -->","yoast_head_json":{"title":"ISTAF INDOOR D\u00fcsseldorf - FAQs","robots":{"index":"index","follow":"follow","max-snippet":"max-snippet:-1","max-image-preview":"max-image-preview:large","max-video-preview":"max-video-preview:-1"},"canonical":"https:\/\/duesseldorf.istaf-indoor.de\/en\/faqs\/","og_locale":"en_US","og_type":"article","og_title":"ISTAF INDOOR D\u00fcsseldorf - FAQs","og_description":"Wann \u00f6ffnet die Halle? Der PSD BANK DOME \u00f6ffnet um 14:00 Uhr. Bitte beachten Sie kurzfristige \u00c4nderungen. Es wird keine Tageskassen vor Ort geben. Wann beginnt die Veranstaltung? Das Vorprogramm geht ab 14:30 Uhr los. Das Hauptprogramm beginnt ab 16:00 Uhr und dauert bis ca. 20:30 Uhr. Darf ich Taschen\/Rucks\u00e4cke mitnehmen? Die Gr\u00f6\u00dfenvorgabe f\u00fcr Taschen\/Rucks\u00e4cke [&hellip;]","og_url":"https:\/\/duesseldorf.istaf-indoor.de\/en\/faqs\/","og_site_name":"ISTAF INDOOR D\u00fcsseldorf","article_modified_time":"2026-01-26T14:13:46+00:00","twitter_card":"summary_large_image","twitter_misc":{"Est. reading time":"1 minute"},"schema":{"@context":"https:\/\/schema.org","@graph":[{"@type":"WebPage","@id":"https:\/\/duesseldorf.istaf-indoor.de\/en\/faqs\/","url":"https:\/\/duesseldorf.istaf-indoor.de\/en\/faqs\/","name":"ISTAF INDOOR D\u00fcsseldorf - FAQs","isPartOf":{"@id":"https:\/\/duesseldorf.istaf-indoor.de\/#website"},"datePublished":"2019-02-05T12:04:55+00:00","dateModified":"2026-01-26T14:13:46+00:00","breadcrumb":{"@id":"https:\/\/duesseldorf.istaf-indoor.de\/en\/faqs\/#breadcrumb"},"inLanguage":"en-US","potentialAction":[{"@type":"ReadAction","target":["https:\/\/duesseldorf.istaf-indoor.de\/en\/faqs\/"]}]},{"@type":"BreadcrumbList","@id":"https:\/\/duesseldorf.istaf-indoor.de\/en\/faqs\/#breadcrumb","itemListElement":[{"@type":"ListItem","position":1,"name":"Startseite","item":"https:\/\/duesseldorf.istaf-indoor.de\/en\/"},{"@type":"ListItem","position":2,"name":"FAQs"}]},{"@type":"WebSite","@id":"https:\/\/duesseldorf.istaf-indoor.de\/#website","url":"https:\/\/duesseldorf.istaf-indoor.de\/","name":"ISTAF INDOOR D\u00fcsseldorf","description":"Das Leichtathletik-Meeting im ISS DOME D\u00fcsseldorf","publisher":{"@id":"https:\/\/duesseldorf.istaf-indoor.de\/#organization"},"potentialAction":[{"@type":"SearchAction","target":{"@type":"EntryPoint","urlTemplate":"https:\/\/duesseldorf.istaf-indoor.de\/?s={search_term_string}"},"query-input":{"@type":"PropertyValueSpecification","valueRequired":true,"valueName":"search_term_string"}}],"inLanguage":"en-US"},{"@type":"Organization","@id":"https:\/\/duesseldorf.istaf-indoor.de\/#organization","name":"ISTAF INDOOR D\u00fcsseldorf","url":"https:\/\/duesseldorf.istaf-indoor.de\/","logo":{"@type":"ImageObject","inLanguage":"en-US","@id":"https:\/\/duesseldorf.istaf-indoor.de\/#\/schema\/logo\/image\/","url":"https:\/\/duesseldorf.istaf-indoor.de\/wp-content\/uploads\/2020\/02\/Logo-ISTAF-INDOOR-Duesseldorf.jpg","contentUrl":"https:\/\/duesseldorf.istaf-indoor.de\/wp-content\/uploads\/2020\/02\/Logo-ISTAF-INDOOR-Duesseldorf.jpg","width":300,"height":170,"caption":"ISTAF INDOOR D\u00fcsseldorf"},"image":{"@id":"https:\/\/duesseldorf.istaf-indoor.de\/#\/schema\/logo\/image\/"}}]}},"_links":{"self":[{"href":"https:\/\/duesseldorf.istaf-indoor.de\/en\/wp-json\/wp\/v2\/pages\/7014","targetHints":{"allow":["GET"]}}],"collection":[{"href":"https:\/\/duesseldorf.istaf-indoor.de\/en\/wp-json\/wp\/v2\/pages"}],"about":[{"href":"https:\/\/duesseldorf.istaf-indoor.de\/en\/wp-json\/wp\/v2\/types\/page"}],"author":[{"embeddable":true,"href":"https:\/\/duesseldorf.istaf-indoor.de\/en\/wp-json\/wp\/v2\/users\/151"}],"replies":[{"embeddable":true,"href":"https:\/\/duesseldorf.istaf-indoor.de\/en\/wp-json\/wp\/v2\/comments?post=7014"}],"version-history":[{"count":0,"href":"https:\/\/duesseldorf.istaf-indoor.de\/en\/wp-json\/wp\/v2\/pages\/7014\/revisions"}],"wp:attachment":[{"href":"https:\/\/duesseldorf.istaf-indoor.de\/en\/wp-json\/wp\/v2\/media?parent=7014"}],"curies":[{"name":"wp","href":"https:\/\/api.w.org\/{rel}","templated":true}]}}