{"id":4792,"date":"2013-08-22T16:30:37","date_gmt":"2013-08-22T14:30:37","guid":{"rendered":"https:\/\/ddorf.wpengine.com\/?page_id=4792"},"modified":"2025-08-28T10:43:25","modified_gmt":"2025-08-28T08:43:25","slug":"programm","status":"publish","type":"page","link":"https:\/\/duesseldorf.istaf-indoor.de\/en\/programm\/","title":{"rendered":"Events &#038; Arena"},"content":{"rendered":"<p>[et_pb_section fb_built=&#8221;1&#8243; _builder_version=&#8221;4.16&#8243; global_colors_info=&#8221;{}&#8221;][et_pb_row _builder_version=&#8221;4.16&#8243; background_size=&#8221;initial&#8221; background_position=&#8221;top_left&#8221; background_repeat=&#8221;repeat&#8221; custom_margin=&#8221;||20px||false|false&#8221; custom_margin_tablet=&#8221;&#8221; custom_margin_phone=&#8221;&#8221; custom_margin_last_edited=&#8221;on|phone&#8221; global_colors_info=&#8221;{}&#8221;][et_pb_column type=&#8221;4_4&#8243; _builder_version=&#8221;4.16&#8243; custom_padding=&#8221;|||&#8221; global_colors_info=&#8221;{}&#8221; custom_padding__hover=&#8221;|||&#8221;][et_pb_text _builder_version=&#8221;4.16&#8243; global_colors_info=&#8221;{}&#8221;]<\/p>\n<h1>Arena<\/h1>\n<p>[\/et_pb_text][et_pb_text _builder_version=&#8221;4.16&#8243; background_size=&#8221;initial&#8221; background_position=&#8221;top_left&#8221; background_repeat=&#8221;repeat&#8221; global_colors_info=&#8221;{}&#8221;]<\/p>\n<p><img decoding=\"async\" class=\"aligncenter wp-image-2447 size-full lazyload\" data-src=\"https:\/\/ddorf.wpengine.com\/wp-content\/uploads\/2013\/08\/Virtuelle-Ansicht-20151.jpg\" alt=\"\" width=\"900\" height=\"391\" src=\"data:image\/gif;base64,R0lGODlhAQABAAAAACH5BAEKAAEALAAAAAABAAEAAAICTAEAOw==\" style=\"--smush-placeholder-width: 900px; --smush-placeholder-aspect-ratio: 900\/391;\" \/><noscript><img decoding=\"async\" class=\"aligncenter wp-image-2447 size-full\" src=\"https:\/\/ddorf.wpengine.com\/wp-content\/uploads\/2013\/08\/Virtuelle-Ansicht-20151.jpg\" alt=\"\" width=\"900\" height=\"391\" \/><\/noscript><\/p>\n<p><span class=\"LrzXr\">Adress: DEG-Platz 1, Theodorstra\u00dfe 281, 40472 D\u00fcsseldorf<br \/>Seats: 10.400<\/span><\/p>\n<p>[\/et_pb_text][\/et_pb_column][\/et_pb_row][et_pb_row _builder_version=&#8221;4.16&#8243; global_colors_info=&#8221;{}&#8221;][et_pb_column type=&#8221;4_4&#8243; _builder_version=&#8221;4.16&#8243; global_colors_info=&#8221;{}&#8221;][et_pb_text _builder_version=&#8221;4.16&#8243; global_colors_info=&#8221;{}&#8221;]<\/p>\n<h1>Events<\/h1>\n<p>[\/et_pb_text][\/et_pb_column][\/et_pb_row][et_pb_row column_structure=&#8221;1_4,1_4,1_4,1_4&#8243; make_equal=&#8221;on&#8221; module_class=&#8221;videowall&#8221; _builder_version=&#8221;4.16&#8243; global_colors_info=&#8221;{}&#8221;][et_pb_column type=&#8221;1_4&#8243; _builder_version=&#8221;4.16&#8243; global_colors_info=&#8221;{}&#8221;][et_pb_video_lightbox src=&#8221;https:\/\/youtu.be\/10nipGZHlOQ&#8221; image_src=&#8221;https:\/\/duesseldorf.istaf-indoor.de\/wp-content\/uploads\/2021\/02\/60m-F-Disziplinbild-3-scaled.jpg&#8221; play_icon_color=&#8221;#ffffff&#8221; lightbox=&#8221;on&#8221; trigger_class=&#8221;videobox&#8221; hide_video=&#8221;off&#8221; autoplay=&#8221;on&#8221; lightbox_background_color=&#8221;#04376e&#8221; video_width=&#8221;80%&#8221; _builder_version=&#8221;4.1&#8243; global_colors_info=&#8221;{}&#8221;][\/et_pb_video_lightbox][et_pb_text _builder_version=&#8221;4.16&#8243; global_colors_info=&#8221;{}&#8221;]<\/p>\n<h4 style=\"text-align: center;\">60m Sprint Women<\/h4>\n<p>[\/et_pb_text][\/et_pb_column][et_pb_column type=&#8221;1_4&#8243; _builder_version=&#8221;4.16&#8243; global_colors_info=&#8221;{}&#8221;][et_pb_video_lightbox src=&#8221;https:\/\/youtu.be\/gYS4WwIZA1A&#8221; image_src=&#8221;https:\/\/duesseldorf.istaf-indoor.de\/wp-content\/uploads\/2021\/02\/60m-M-Disziplinbild-scaled.jpg&#8221; lightbox=&#8221;on&#8221; trigger_class=&#8221;videobox&#8221; hide_video=&#8221;off&#8221; autoplay=&#8221;on&#8221; lightbox_background_color=&#8221;#04376e&#8221; video_width=&#8221;80%&#8221; _builder_version=&#8221;4.1&#8243; global_colors_info=&#8221;{}&#8221;][\/et_pb_video_lightbox][et_pb_text _builder_version=&#8221;4.16&#8243; global_colors_info=&#8221;{}&#8221;]<\/p>\n<h4 style=\"text-align: center;\">60m Sprint Men<\/h4>\n<p>[\/et_pb_text][\/et_pb_column][et_pb_column type=&#8221;1_4&#8243; _builder_version=&#8221;4.16&#8243; global_colors_info=&#8221;{}&#8221;][et_pb_video_lightbox src=&#8221;https:\/\/youtu.be\/CmfHW02SGF0&#8243; image_src=&#8221;https:\/\/duesseldorf.istaf-indoor.de\/wp-content\/uploads\/2021\/02\/Huerden-F-Disziplinbild-scaled.jpg&#8221; lightbox=&#8221;on&#8221; trigger_class=&#8221;videobox&#8221; hide_video=&#8221;off&#8221; autoplay=&#8221;on&#8221; lightbox_background_color=&#8221;#04376e&#8221; video_width=&#8221;80%&#8221; _builder_version=&#8221;4.1&#8243; global_colors_info=&#8221;{}&#8221;][\/et_pb_video_lightbox][et_pb_text _builder_version=&#8221;4.16&#8243; global_colors_info=&#8221;{}&#8221;]<\/p>\n<h4 style=\"text-align: center;\">60m Hurdles Women<\/h4>\n<p>[\/et_pb_text][\/et_pb_column][et_pb_column type=&#8221;1_4&#8243; _builder_version=&#8221;4.16&#8243; global_colors_info=&#8221;{}&#8221;][et_pb_video_lightbox src=&#8221;https:\/\/youtu.be\/57RUS2-fEzc&#8221; image_src=&#8221;https:\/\/duesseldorf.istaf-indoor.de\/wp-content\/uploads\/2021\/02\/Huerden-M-Disziplinbild-scaled.jpg&#8221; lightbox=&#8221;on&#8221; trigger_class=&#8221;videobox&#8221; hide_video=&#8221;off&#8221; autoplay=&#8221;on&#8221; lightbox_background_color=&#8221;#04376e&#8221; video_width=&#8221;80%&#8221; _builder_version=&#8221;4.1&#8243; global_colors_info=&#8221;{}&#8221;][\/et_pb_video_lightbox][et_pb_text _builder_version=&#8221;4.16&#8243; global_colors_info=&#8221;{}&#8221;]<\/p>\n<h4 style=\"text-align: center;\">60m Hurdles Men<\/h4>\n<p>[\/et_pb_text][\/et_pb_column][\/et_pb_row][et_pb_row column_structure=&#8221;1_4,1_4,1_4,1_4&#8243; module_class=&#8221;videowall&#8221; _builder_version=&#8221;4.16&#8243; global_colors_info=&#8221;{}&#8221;][et_pb_column type=&#8221;1_4&#8243; _builder_version=&#8221;4.16&#8243; global_colors_info=&#8221;{}&#8221;][et_pb_image src=&#8221;https:\/\/duesseldorf.istaf-indoor.de\/wp-content\/uploads\/2023\/01\/20230129_Foto_Lukas_Schulze_402-scaled.jpg&#8221; title_text=&#8221;ISTAF Indoor D\u00fcsseldorf 2023&#8243; _builder_version=&#8221;4.26.0&#8243; _module_preset=&#8221;default&#8221; global_colors_info=&#8221;{}&#8221;][\/et_pb_image][et_pb_text _builder_version=&#8221;4.16&#8243; global_colors_info=&#8221;{}&#8221;]<\/p>\n<h4 style=\"text-align: center;\">Long Jump Women<\/h4>\n<p>[\/et_pb_text][et_pb_video_lightbox src=&#8221;https:\/\/youtu.be\/yJAUbxshm54&#8243; image_src=&#8221;https:\/\/duesseldorf.istaf-indoor.de\/wp-content\/uploads\/2021\/02\/Weitsprung-Disziplinbild-scaled.jpg&#8221; disabled_on=&#8221;on|on|on&#8221; lightbox=&#8221;on&#8221; trigger_class=&#8221;videobox&#8221; hide_video=&#8221;off&#8221; autoplay=&#8221;on&#8221; lightbox_background_color=&#8221;#04376e&#8221; video_width=&#8221;80%&#8221; _builder_version=&#8221;4.1&#8243; disabled=&#8221;on&#8221; global_colors_info=&#8221;{}&#8221;][\/et_pb_video_lightbox][\/et_pb_column][et_pb_column type=&#8221;1_4&#8243; _builder_version=&#8221;4.16&#8243; global_colors_info=&#8221;{}&#8221;][et_pb_image src=&#8221;https:\/\/duesseldorf.istaf-indoor.de\/wp-content\/uploads\/2023\/01\/20230129_Foto_Lukas_Schulze_301-scaled.jpg&#8221; title_text=&#8221;ISTAF Indoor D\u00fcsseldorf 2023&#8243; _builder_version=&#8221;4.26.0&#8243; _module_preset=&#8221;default&#8221; global_colors_info=&#8221;{}&#8221;][\/et_pb_image][et_pb_text _builder_version=&#8221;4.16&#8243; global_colors_info=&#8221;{}&#8221;]<\/p>\n<h4 style=\"text-align: center;\">Pole Vault Men<\/h4>\n<p>[\/et_pb_text][et_pb_video_lightbox src=&#8221;https:\/\/youtu.be\/xnIc35qRPwo&#8221; image_src=&#8221;https:\/\/duesseldorf.istaf-indoor.de\/wp-content\/uploads\/2021\/02\/Stabhoch-Disziplinbild-2-scaled.jpg&#8221; disabled_on=&#8221;on|on|on&#8221; lightbox=&#8221;on&#8221; trigger_class=&#8221;videobox&#8221; hide_video=&#8221;off&#8221; autoplay=&#8221;on&#8221; lightbox_background_color=&#8221;#04376e&#8221; video_width=&#8221;80%&#8221; _builder_version=&#8221;4.1&#8243; disabled=&#8221;on&#8221; global_colors_info=&#8221;{}&#8221;][\/et_pb_video_lightbox][\/et_pb_column][et_pb_column type=&#8221;1_4&#8243; _builder_version=&#8221;4.16&#8243; global_colors_info=&#8221;{}&#8221;][et_pb_image src=&#8221;https:\/\/duesseldorf.istaf-indoor.de\/wp-content\/uploads\/2024\/02\/C4ISTAFDdorf20240204-006.jpg&#8221; title_text=&#8221;Leichtathletik ISTAF Indoor D\u00fcsseldorf 20240204&#8243; _builder_version=&#8221;4.26.0&#8243; _module_preset=&#8221;default&#8221; global_colors_info=&#8221;{}&#8221;][\/et_pb_image][et_pb_text _builder_version=&#8221;4.23.4&#8243; global_colors_info=&#8221;{}&#8221;]<\/p>\n<h4 style=\"text-align: center;\">60m Para-Sprint Men<\/h4>\n<p>[\/et_pb_text][\/et_pb_column][et_pb_column type=&#8221;1_4&#8243; _builder_version=&#8221;4.16&#8243; global_colors_info=&#8221;{}&#8221;][et_pb_image src=&#8221;https:\/\/duesseldorf.istaf-indoor.de\/wp-content\/uploads\/2025\/08\/Design-ohne-Titel-35.png&#8221; title_text=&#8221;Design ohne Titel (35)&#8221; _builder_version=&#8221;4.26.0&#8243; _module_preset=&#8221;default&#8221; hover_enabled=&#8221;0&#8243; global_colors_info=&#8221;{}&#8221; sticky_enabled=&#8221;0&#8243;][\/et_pb_image][et_pb_text _builder_version=&#8221;4.26.0&#8243; global_colors_info=&#8221;{}&#8221;]<\/p>\n<h4 style=\"text-align: center;\">Shot Put Women<\/h4>\n<p>[\/et_pb_text][\/et_pb_column][\/et_pb_row][\/et_pb_section]<\/p>\n","protected":false},"excerpt":{"rendered":"<p>Arena Adress: DEG-Platz 1, Theodorstra\u00dfe 281, 40472 D\u00fcsseldorfSeats: 10.400Events60m Sprint Women60m Sprint Men60m Hurdles Women60m Hurdles MenLong Jump WomenPole Vault Men60m Para-Sprint MenShot Put Women<\/p>\n","protected":false},"author":1,"featured_media":0,"parent":0,"menu_order":0,"comment_status":"closed","ping_status":"closed","template":"","meta":{"_et_pb_use_builder":"on","_et_pb_old_content":"<h1><a name=\"Programm\"><\/a>Die Arena<\/h1><p><img class=\"aligncenter wp-image-2447 size-full\" style=\"border-radius: 6px; -moz-border-radius: 6px; -webkit-border-radius: 6px;\" src=\"https:\/\/ddorf.wpengine.com\/wp-content\/uploads\/2013\/08\/Virtuelle-Ansicht-20151.jpg\" alt=\"\" width=\"900\" height=\"391\" \/><\/p><h1><a name=\"Programm\"><\/a>Die Disziplinen<\/h1>","_et_gb_content_width":"","footnotes":""},"class_list":["post-4792","page","type-page","status-publish","hentry"],"yoast_head":"<!-- This site is optimized with the Yoast SEO plugin v27.6 - https:\/\/yoast.com\/product\/yoast-seo-wordpress\/ -->\n<title>ISTAF INDOOR D\u00fcsseldorf - Events &amp; Arena<\/title>\n<meta name=\"robots\" content=\"index, follow, max-snippet:-1, max-image-preview:large, max-video-preview:-1\" \/>\n<link rel=\"canonical\" href=\"https:\/\/duesseldorf.istaf-indoor.de\/en\/programm\/\" \/>\n<meta property=\"og:locale\" content=\"en_US\" \/>\n<meta property=\"og:type\" content=\"article\" \/>\n<meta property=\"og:title\" content=\"ISTAF INDOOR D\u00fcsseldorf - Events &amp; Arena\" \/>\n<meta property=\"og:description\" content=\"Arena Adress: DEG-Platz 1, Theodorstra\u00dfe 281, 40472 D\u00fcsseldorfSeats: 10.400Events60m Sprint Women60m Sprint Men60m Hurdles Women60m Hurdles MenLong Jump WomenPole Vault Men60m Para-Sprint MenShot Put Women\" \/>\n<meta property=\"og:url\" content=\"https:\/\/duesseldorf.istaf-indoor.de\/en\/programm\/\" \/>\n<meta property=\"og:site_name\" content=\"ISTAF INDOOR D\u00fcsseldorf\" \/>\n<meta property=\"article:modified_time\" content=\"2025-08-28T08:43:25+00:00\" \/>\n<meta property=\"og:image\" content=\"https:\/\/duesseldorf.istaf-indoor.de\/wp-content\/uploads\/2013\/08\/Virtuelle-Ansicht-20151.jpg\" \/>\n\t<meta property=\"og:image:width\" content=\"900\" \/>\n\t<meta property=\"og:image:height\" content=\"506\" \/>\n\t<meta property=\"og:image:type\" content=\"image\/jpeg\" \/>\n<meta name=\"twitter:card\" content=\"summary_large_image\" \/>\n<meta name=\"twitter:label1\" content=\"Est. reading time\" \/>\n\t<meta name=\"twitter:data1\" content=\"2 minutes\" \/>\n<script type=\"application\/ld+json\" class=\"yoast-schema-graph\">{\"@context\":\"https:\\\/\\\/schema.org\",\"@graph\":[{\"@type\":\"WebPage\",\"@id\":\"https:\\\/\\\/duesseldorf.istaf-indoor.de\\\/en\\\/programm\\\/\",\"url\":\"https:\\\/\\\/duesseldorf.istaf-indoor.de\\\/en\\\/programm\\\/\",\"name\":\"ISTAF INDOOR D\u00fcsseldorf - Events & Arena\",\"isPartOf\":{\"@id\":\"https:\\\/\\\/duesseldorf.istaf-indoor.de\\\/#website\"},\"primaryImageOfPage\":{\"@id\":\"https:\\\/\\\/duesseldorf.istaf-indoor.de\\\/en\\\/programm\\\/#primaryimage\"},\"image\":{\"@id\":\"https:\\\/\\\/duesseldorf.istaf-indoor.de\\\/en\\\/programm\\\/#primaryimage\"},\"thumbnailUrl\":\"https:\\\/\\\/ddorf.wpengine.com\\\/wp-content\\\/uploads\\\/2013\\\/08\\\/Virtuelle-Ansicht-20151.jpg\",\"datePublished\":\"2013-08-22T14:30:37+00:00\",\"dateModified\":\"2025-08-28T08:43:25+00:00\",\"breadcrumb\":{\"@id\":\"https:\\\/\\\/duesseldorf.istaf-indoor.de\\\/en\\\/programm\\\/#breadcrumb\"},\"inLanguage\":\"en-US\",\"potentialAction\":[{\"@type\":\"ReadAction\",\"target\":[\"https:\\\/\\\/duesseldorf.istaf-indoor.de\\\/en\\\/programm\\\/\"]}]},{\"@type\":\"ImageObject\",\"inLanguage\":\"en-US\",\"@id\":\"https:\\\/\\\/duesseldorf.istaf-indoor.de\\\/en\\\/programm\\\/#primaryimage\",\"url\":\"https:\\\/\\\/ddorf.wpengine.com\\\/wp-content\\\/uploads\\\/2013\\\/08\\\/Virtuelle-Ansicht-20151.jpg\",\"contentUrl\":\"https:\\\/\\\/ddorf.wpengine.com\\\/wp-content\\\/uploads\\\/2013\\\/08\\\/Virtuelle-Ansicht-20151.jpg\"},{\"@type\":\"BreadcrumbList\",\"@id\":\"https:\\\/\\\/duesseldorf.istaf-indoor.de\\\/en\\\/programm\\\/#breadcrumb\",\"itemListElement\":[{\"@type\":\"ListItem\",\"position\":1,\"name\":\"Startseite\",\"item\":\"https:\\\/\\\/duesseldorf.istaf-indoor.de\\\/en\\\/\"},{\"@type\":\"ListItem\",\"position\":2,\"name\":\"Events &#038; Arena\"}]},{\"@type\":\"WebSite\",\"@id\":\"https:\\\/\\\/duesseldorf.istaf-indoor.de\\\/#website\",\"url\":\"https:\\\/\\\/duesseldorf.istaf-indoor.de\\\/\",\"name\":\"ISTAF INDOOR D\u00fcsseldorf\",\"description\":\"Das Leichtathletik-Meeting im ISS DOME D\u00fcsseldorf\",\"publisher\":{\"@id\":\"https:\\\/\\\/duesseldorf.istaf-indoor.de\\\/#organization\"},\"potentialAction\":[{\"@type\":\"SearchAction\",\"target\":{\"@type\":\"EntryPoint\",\"urlTemplate\":\"https:\\\/\\\/duesseldorf.istaf-indoor.de\\\/?s={search_term_string}\"},\"query-input\":{\"@type\":\"PropertyValueSpecification\",\"valueRequired\":true,\"valueName\":\"search_term_string\"}}],\"inLanguage\":\"en-US\"},{\"@type\":\"Organization\",\"@id\":\"https:\\\/\\\/duesseldorf.istaf-indoor.de\\\/#organization\",\"name\":\"ISTAF INDOOR D\u00fcsseldorf\",\"url\":\"https:\\\/\\\/duesseldorf.istaf-indoor.de\\\/\",\"logo\":{\"@type\":\"ImageObject\",\"inLanguage\":\"en-US\",\"@id\":\"https:\\\/\\\/duesseldorf.istaf-indoor.de\\\/#\\\/schema\\\/logo\\\/image\\\/\",\"url\":\"https:\\\/\\\/duesseldorf.istaf-indoor.de\\\/wp-content\\\/uploads\\\/2020\\\/02\\\/Logo-ISTAF-INDOOR-Duesseldorf.jpg\",\"contentUrl\":\"https:\\\/\\\/duesseldorf.istaf-indoor.de\\\/wp-content\\\/uploads\\\/2020\\\/02\\\/Logo-ISTAF-INDOOR-Duesseldorf.jpg\",\"width\":300,\"height\":170,\"caption\":\"ISTAF INDOOR D\u00fcsseldorf\"},\"image\":{\"@id\":\"https:\\\/\\\/duesseldorf.istaf-indoor.de\\\/#\\\/schema\\\/logo\\\/image\\\/\"}}]}<\/script>\n<!-- \/ Yoast SEO plugin. -->","yoast_head_json":{"title":"ISTAF INDOOR D\u00fcsseldorf - Events & Arena","robots":{"index":"index","follow":"follow","max-snippet":"max-snippet:-1","max-image-preview":"max-image-preview:large","max-video-preview":"max-video-preview:-1"},"canonical":"https:\/\/duesseldorf.istaf-indoor.de\/en\/programm\/","og_locale":"en_US","og_type":"article","og_title":"ISTAF INDOOR D\u00fcsseldorf - Events & Arena","og_description":"Arena Adress: DEG-Platz 1, Theodorstra\u00dfe 281, 40472 D\u00fcsseldorfSeats: 10.400Events60m Sprint Women60m Sprint Men60m Hurdles Women60m Hurdles MenLong Jump WomenPole Vault Men60m Para-Sprint MenShot Put Women","og_url":"https:\/\/duesseldorf.istaf-indoor.de\/en\/programm\/","og_site_name":"ISTAF INDOOR D\u00fcsseldorf","article_modified_time":"2025-08-28T08:43:25+00:00","og_image":[{"width":900,"height":506,"url":"https:\/\/duesseldorf.istaf-indoor.de\/wp-content\/uploads\/2013\/08\/Virtuelle-Ansicht-20151.jpg","type":"image\/jpeg"}],"twitter_card":"summary_large_image","twitter_misc":{"Est. reading time":"2 minutes"},"schema":{"@context":"https:\/\/schema.org","@graph":[{"@type":"WebPage","@id":"https:\/\/duesseldorf.istaf-indoor.de\/en\/programm\/","url":"https:\/\/duesseldorf.istaf-indoor.de\/en\/programm\/","name":"ISTAF INDOOR D\u00fcsseldorf - Events & Arena","isPartOf":{"@id":"https:\/\/duesseldorf.istaf-indoor.de\/#website"},"primaryImageOfPage":{"@id":"https:\/\/duesseldorf.istaf-indoor.de\/en\/programm\/#primaryimage"},"image":{"@id":"https:\/\/duesseldorf.istaf-indoor.de\/en\/programm\/#primaryimage"},"thumbnailUrl":"https:\/\/ddorf.wpengine.com\/wp-content\/uploads\/2013\/08\/Virtuelle-Ansicht-20151.jpg","datePublished":"2013-08-22T14:30:37+00:00","dateModified":"2025-08-28T08:43:25+00:00","breadcrumb":{"@id":"https:\/\/duesseldorf.istaf-indoor.de\/en\/programm\/#breadcrumb"},"inLanguage":"en-US","potentialAction":[{"@type":"ReadAction","target":["https:\/\/duesseldorf.istaf-indoor.de\/en\/programm\/"]}]},{"@type":"ImageObject","inLanguage":"en-US","@id":"https:\/\/duesseldorf.istaf-indoor.de\/en\/programm\/#primaryimage","url":"https:\/\/ddorf.wpengine.com\/wp-content\/uploads\/2013\/08\/Virtuelle-Ansicht-20151.jpg","contentUrl":"https:\/\/ddorf.wpengine.com\/wp-content\/uploads\/2013\/08\/Virtuelle-Ansicht-20151.jpg"},{"@type":"BreadcrumbList","@id":"https:\/\/duesseldorf.istaf-indoor.de\/en\/programm\/#breadcrumb","itemListElement":[{"@type":"ListItem","position":1,"name":"Startseite","item":"https:\/\/duesseldorf.istaf-indoor.de\/en\/"},{"@type":"ListItem","position":2,"name":"Events &#038; Arena"}]},{"@type":"WebSite","@id":"https:\/\/duesseldorf.istaf-indoor.de\/#website","url":"https:\/\/duesseldorf.istaf-indoor.de\/","name":"ISTAF INDOOR D\u00fcsseldorf","description":"Das Leichtathletik-Meeting im ISS DOME D\u00fcsseldorf","publisher":{"@id":"https:\/\/duesseldorf.istaf-indoor.de\/#organization"},"potentialAction":[{"@type":"SearchAction","target":{"@type":"EntryPoint","urlTemplate":"https:\/\/duesseldorf.istaf-indoor.de\/?s={search_term_string}"},"query-input":{"@type":"PropertyValueSpecification","valueRequired":true,"valueName":"search_term_string"}}],"inLanguage":"en-US"},{"@type":"Organization","@id":"https:\/\/duesseldorf.istaf-indoor.de\/#organization","name":"ISTAF INDOOR D\u00fcsseldorf","url":"https:\/\/duesseldorf.istaf-indoor.de\/","logo":{"@type":"ImageObject","inLanguage":"en-US","@id":"https:\/\/duesseldorf.istaf-indoor.de\/#\/schema\/logo\/image\/","url":"https:\/\/duesseldorf.istaf-indoor.de\/wp-content\/uploads\/2020\/02\/Logo-ISTAF-INDOOR-Duesseldorf.jpg","contentUrl":"https:\/\/duesseldorf.istaf-indoor.de\/wp-content\/uploads\/2020\/02\/Logo-ISTAF-INDOOR-Duesseldorf.jpg","width":300,"height":170,"caption":"ISTAF INDOOR D\u00fcsseldorf"},"image":{"@id":"https:\/\/duesseldorf.istaf-indoor.de\/#\/schema\/logo\/image\/"}}]}},"_links":{"self":[{"href":"https:\/\/duesseldorf.istaf-indoor.de\/en\/wp-json\/wp\/v2\/pages\/4792","targetHints":{"allow":["GET"]}}],"collection":[{"href":"https:\/\/duesseldorf.istaf-indoor.de\/en\/wp-json\/wp\/v2\/pages"}],"about":[{"href":"https:\/\/duesseldorf.istaf-indoor.de\/en\/wp-json\/wp\/v2\/types\/page"}],"author":[{"embeddable":true,"href":"https:\/\/duesseldorf.istaf-indoor.de\/en\/wp-json\/wp\/v2\/users\/1"}],"replies":[{"embeddable":true,"href":"https:\/\/duesseldorf.istaf-indoor.de\/en\/wp-json\/wp\/v2\/comments?post=4792"}],"version-history":[{"count":0,"href":"https:\/\/duesseldorf.istaf-indoor.de\/en\/wp-json\/wp\/v2\/pages\/4792\/revisions"}],"wp:attachment":[{"href":"https:\/\/duesseldorf.istaf-indoor.de\/en\/wp-json\/wp\/v2\/media?parent=4792"}],"curies":[{"name":"wp","href":"https:\/\/api.w.org\/{rel}","templated":true}]}}